{"id":20,"date":"2025-02-02T16:19:51","date_gmt":"2025-02-02T15:19:51","guid":{"rendered":"https:\/\/ferienfreizeit-unkel.de\/?page_id=20"},"modified":"2025-02-02T16:19:51","modified_gmt":"2025-02-02T15:19:51","slug":"ausschreibung-2024","status":"publish","type":"page","link":"https:\/\/ferienfreizeit-unkel.de\/index.php\/ausschreibung-2024\/","title":{"rendered":"Ausschreibung 2025"},"content":{"rendered":"\n<p>Liebe Eltern,<br><br>das ganze Betreuerteam der Ferienfreizeit Unkel freut sich sehr auf die diesj\u00e4hrige Ferienfreizeit vom 30. Juli bis 1. August 2025 unter dem Motto &#8222;Erlebnis Tierwelt&#8220;.<br><br>Wie in jedem Jahr bitten wir unbedingt darum, die im Folgenden aufgef\u00fchrten Punkte zu beachten:<\/p>\n\n\n\n<ul class=\"wp-block-list\">\n<li>Bitte einen Rucksack mit einem Getr\u00e4nk, einer kleinen Zwischenmahlzeit und einer Regenjacke mitbringen. Mit Rucksack und Regenjacke haben die Kinder die H\u00e4nde frei.<br>F\u00fcr das Mittagessen inklusive Getr\u00e4nke sorgen wir.<\/li>\n\n\n\n<li>Unbedingt jeden Tag Socken und bequeme Schuhe anziehen. Das vermeidet schmerzhafte Blasen, gerade bei unseren Wanderungen.<\/li>\n\n\n\n<li>Bitte strapazierf\u00e4hige und gut waschbare Kleidung anziehen!<\/li>\n\n\n\n<li>Bitte cremen Sie Ihre Kinder mit Sonnenschutzmittel ein, geben Sie Ihrem Kind Sonnencreme und einen Sonnenhut oder eine Kappe mit.<\/li>\n\n\n\n<li>Taschenmesser, Mobiltelefone, Game-Boys und MP3-Player u.\u00e4. m\u00fcssen zu Hause bleiben.<br><\/li>\n<\/ul>\n\n\n\n<p>Das Programm der Ferienfreizeit finden Sie auf unserer Homepage <a href=\"https:\/\/ferienfreizeit-unkel.de\/wp-admin\/post.php?post=15&amp;action=edit\">https:\/\/ferienfreizeit-unkel.de<\/a><\/p>\n\n\n\n<p>Die Anmeldung ist m\u00f6glich unter: <a href=\"mailto:anmeldung@ferienfreizeit-unkel.de\">anmeldung@ferienfreizeit-unkel.de<\/a>. <br>Wir sende Ihnen ein Anmeldeformular, welches Sie bitte ausgef\u00fcllt per Mail zur\u00fccksenden.<\/p>\n\n\n\n<p>Der diesj\u00e4hrige Elternbeitrag betr\u00e4gt f\u00fcr das erste Kind 60 Euro und f\u00fcr jedes weitere Kind einer Familie 50 Euro<\/p>\n\n\n\n<p>Bitte \u00fcberweisen Sie den Teilnehmerbeitrag auf das Konto der Ferienfreizeit<\/p>\n\n\n\n<p>Sparkasse Unkel<br>IBAN : DE 07574501200030284830, BIC: MALADE51NWD<br>Betreff: CDU Ferienfreizeit <strong>und<\/strong> Vor-und Zuname des Kindes<\/p>\n\n\n\n<p>Die Anmeldung ist verbindlich. Ist der Kostenbeitrag bis zwei Wochen vor Freizeitbeginn nicht eingegangen, kann der Platz f\u00fcr Kinder in der Warteliste freigegeben werden.<br><\/p>\n\n\n\n<p>Wir bitten darum, uns umgehend unter <a href=\"mailto:anmeldung@ferienfreizeit-unkel.de\">anmeldung@ferienfreizeit-unkel.de<\/a>  zu informieren, wenn Ihr Kind trotz Anmeldung doch nicht an der Ferienfreizeit teilnehmen kann.<br>Erfahrungsgem\u00e4\u00df werden wir eine Warteliste haben. Die Kinder auf der Liste w\u00fcrden sich freuen, wenn sie doch noch mitkommen k\u00f6nnten.<\/p>\n\n\n\n<p><\/p>\n\n\n\n<p>Bis Mittwoch, den 30. Juli 2025.<br><\/p>\n\n\n\n<p>Mit herzlichen Gr\u00fc\u00dfen<br>Das Betreuerteam der Ferienfreizeit Unkel<\/p>\n","protected":false},"excerpt":{"rendered":"<p>Liebe Eltern, das ganze Betreuerteam der Ferienfreizeit Unkel freut sich sehr auf die diesj\u00e4hrige Ferienfreizeit vom 30. Juli bis 1. August 2025 unter dem Motto &#8222;Erlebnis Tierwelt&#8220;. Wie in jedem Jahr bitten wir unbedingt darum, die im Folgenden aufgef\u00fchrten Punkte zu beachten: Das Programm der Ferienfreizeit finden Sie auf unserer Homepage https:\/\/ferienfreizeit-unkel.de Die Anmeldung ist [&hellip;]<\/p>\n","protected":false},"author":2,"featured_media":0,"parent":0,"menu_order":0,"comment_status":"closed","ping_status":"closed","template":"","meta":{"footnotes":""},"class_list":["post-20","page","type-page","status-publish","hentry"],"_links":{"self":[{"href":"https:\/\/ferienfreizeit-unkel.de\/index.php\/wp-json\/wp\/v2\/pages\/20","targetHints":{"allow":["GET"]}}],"collection":[{"href":"https:\/\/ferienfreizeit-unkel.de\/index.php\/wp-json\/wp\/v2\/pages"}],"about":[{"href":"https:\/\/ferienfreizeit-unkel.de\/index.php\/wp-json\/wp\/v2\/types\/page"}],"author":[{"embeddable":true,"href":"https:\/\/ferienfreizeit-unkel.de\/index.php\/wp-json\/wp\/v2\/users\/2"}],"replies":[{"embeddable":true,"href":"https:\/\/ferienfreizeit-unkel.de\/index.php\/wp-json\/wp\/v2\/comments?post=20"}],"version-history":[{"count":10,"href":"https:\/\/ferienfreizeit-unkel.de\/index.php\/wp-json\/wp\/v2\/pages\/20\/revisions"}],"predecessor-version":[{"id":94,"href":"https:\/\/ferienfreizeit-unkel.de\/index.php\/wp-json\/wp\/v2\/pages\/20\/revisions\/94"}],"wp:attachment":[{"href":"https:\/\/ferienfreizeit-unkel.de\/index.php\/wp-json\/wp\/v2\/media?parent=20"}],"curies":[{"name":"wp","href":"https:\/\/api.w.org\/{rel}","templated":true}]}}