{"id":18,"date":"2025-02-02T16:20:10","date_gmt":"2025-02-02T15:20:10","guid":{"rendered":"https:\/\/ferienfreizeit-unkel.de\/?page_id=18"},"modified":"2025-02-02T16:20:10","modified_gmt":"2025-02-02T15:20:10","slug":"impressum","status":"publish","type":"page","link":"https:\/\/ferienfreizeit-unkel.de\/index.php\/impressum\/","title":{"rendered":"Impressum"},"content":{"rendered":"\n<p>Dienstanbieter dieser Seiten ist:<\/p>\n\n\n\n<h3 class=\"wp-block-heading\">Unkeler Ferienfreizeit<\/h3>\n\n\n\n<p>Knut von W\u00fclfing<br>Im Weidenberg 38<br>53572 Unkel<br>Tel. 0170 8636086<br>knutvonwulfing@gmail.com<\/p>\n\n\n\n<p><\/p>\n\n\n\n<p>Bei dem Inhalt unserer Internetseiten handelt es sich um urheberrechtlich gesch\u00fctzte Werke. Wir gestatten die \u00dcbernahme von Texten in Datenbest\u00e4nde, die ausschlie\u00dflich f\u00fcr den privaten Gebrauch eines Nutzers bestimmt sind. Die \u00dcbernahme und Nutzung der Daten zu anderen Zwecken bedarf der schriftlichen Zustimmung.<\/p>\n\n\n\n<p><strong>Haftungshinweis:<\/strong>&nbsp;Im Rahmen unseres Dienstes werden auch Links zu Internetinhalten anderer Anbieter bereitgestellt. Auf den Inhalt dieser Seiten haben wir keinen Einfluss; f\u00fcr den Inhalt ist ausschlie\u00dflich der Betreiber der anderen Website verantwortlich.&nbsp;<br>Trotz der \u00dcberpr\u00fcfung der Inhalte im gesetzlich gebotenen Rahmen m\u00fcssen wir daher jede Verantwortung f\u00fcr den Inhalt dieser Links bzw. der verlinkten Seite ablehnen.<\/p>\n","protected":false},"excerpt":{"rendered":"<p>Dienstanbieter dieser Seiten ist: Unkeler Ferienfreizeit Knut von W\u00fclfingIm Weidenberg 3853572 UnkelTel. 0170 8636086knutvonwulfing@gmail.com Bei dem Inhalt unserer Internetseiten handelt es sich um urheberrechtlich gesch\u00fctzte Werke. Wir gestatten die \u00dcbernahme von Texten in Datenbest\u00e4nde, die ausschlie\u00dflich f\u00fcr den privaten Gebrauch eines Nutzers bestimmt sind. Die \u00dcbernahme und Nutzung der Daten zu anderen Zwecken bedarf der [&hellip;]<\/p>\n","protected":false},"author":2,"featured_media":0,"parent":0,"menu_order":0,"comment_status":"closed","ping_status":"closed","template":"","meta":{"footnotes":""},"class_list":["post-18","page","type-page","status-publish","hentry"],"_links":{"self":[{"href":"https:\/\/ferienfreizeit-unkel.de\/index.php\/wp-json\/wp\/v2\/pages\/18","targetHints":{"allow":["GET"]}}],"collection":[{"href":"https:\/\/ferienfreizeit-unkel.de\/index.php\/wp-json\/wp\/v2\/pages"}],"about":[{"href":"https:\/\/ferienfreizeit-unkel.de\/index.php\/wp-json\/wp\/v2\/types\/page"}],"author":[{"embeddable":true,"href":"https:\/\/ferienfreizeit-unkel.de\/index.php\/wp-json\/wp\/v2\/users\/2"}],"replies":[{"embeddable":true,"href":"https:\/\/ferienfreizeit-unkel.de\/index.php\/wp-json\/wp\/v2\/comments?post=18"}],"version-history":[{"count":2,"href":"https:\/\/ferienfreizeit-unkel.de\/index.php\/wp-json\/wp\/v2\/pages\/18\/revisions"}],"predecessor-version":[{"id":97,"href":"https:\/\/ferienfreizeit-unkel.de\/index.php\/wp-json\/wp\/v2\/pages\/18\/revisions\/97"}],"wp:attachment":[{"href":"https:\/\/ferienfreizeit-unkel.de\/index.php\/wp-json\/wp\/v2\/media?parent=18"}],"curies":[{"name":"wp","href":"https:\/\/api.w.org\/{rel}","templated":true}]}}